{"id":446,"date":"2025-09-29T22:55:24","date_gmt":"2025-09-29T22:55:24","guid":{"rendered":"https:\/\/aurores.ca\/?page_id=446"},"modified":"2025-09-29T23:23:56","modified_gmt":"2025-09-29T23:23:56","slug":"page-en-construction","status":"publish","type":"page","link":"https:\/\/aurores.ca\/?page_id=446","title":{"rendered":"Page en construction"},"content":{"rendered":"\t\t<div data-elementor-type=\"wp-page\" data-elementor-id=\"446\" class=\"elementor elementor-446\" data-elementor-post-type=\"page\">\n\t\t\t\t<div class=\"elementor-element elementor-element-e44fd11 e-con-full e-flex e-con e-parent\" data-id=\"e44fd11\" data-element_type=\"container\">\n\t\t\t\t<div class=\"elementor-element elementor-element-7bee071 elementor-widget elementor-widget-text-editor\" data-id=\"7bee071\" data-element_type=\"widget\" data-widget_type=\"text-editor.default\">\n\t\t\t\t\t\t\t\t\t<h1 data-start=\"249\" data-end=\"275\">\ud83d\udea7 Une page en devenir<\/h1><p data-start=\"277\" data-end=\"556\">Cette section du site est actuellement en cours de d\u00e9veloppement. Si elle n\u2019est pas encore accessible, c\u2019est parce que nous voulons cr\u00e9er plus qu\u2019une simple page : nous b\u00e2tissons un espace pens\u00e9 pour durer, con\u00e7u pour \u00e9voluer avec la communaut\u00e9 et r\u00e9pondre \u00e0 ses besoins r\u00e9els.<\/p><p data-start=\"558\" data-end=\"998\">Le projet <strong data-start=\"568\" data-end=\"592\">\u00ab 100 000 \u00e9veill\u00e9s \u00bb<\/strong> n\u2019avance pas dans la pr\u00e9cipitation. Chaque outil, chaque plateforme et chaque fonctionnalit\u00e9 que nous mettons en place est r\u00e9fl\u00e9chi et fa\u00e7onn\u00e9 pour servir \u00e0 la fois l\u2019int\u00e9r\u00eat collectif et le cheminement individuel de ceux qui choisissent d\u2019y participer. Cette page s\u2019inscrit dans cette m\u00eame d\u00e9marche : elle deviendra, une fois compl\u00e9t\u00e9e, un lieu vivant o\u00f9 se croiseront ressources, id\u00e9es et initiatives.<\/p><p data-start=\"1000\" data-end=\"1446\">Le temps de construction est une \u00e9tape n\u00e9cessaire. Derri\u00e8re l\u2019\u00e9cran, nous travaillons \u00e0 structurer les contenus, \u00e0 s\u00e9curiser les acc\u00e8s et \u00e0 pr\u00e9parer des services fiables. Rien n\u2019est laiss\u00e9 au hasard : la priorit\u00e9 est d\u2019offrir un espace coh\u00e9rent, transparent et utile. Chaque ajout doit avoir une valeur r\u00e9elle et apporter un b\u00e9n\u00e9fice concret \u00e0 la communaut\u00e9, qu\u2019il s\u2019agisse d\u2019un outil num\u00e9rique, d\u2019un contenu inspirant ou d\u2019un espace d\u2019\u00e9change.<\/p><p data-start=\"1448\" data-end=\"1778\">Nous vous invitons \u00e0 voir ce moment comme une \u00e9tape de transition. Une page vide aujourd\u2019hui, mais demain un lieu de rencontre, de partage et d\u2019apprentissage. Votre patience et votre confiance sont essentielles dans ce processus, et elles nourrissent la volont\u00e9 de construire un environnement solide, durable et porteur de sens.<\/p><p data-start=\"1780\" data-end=\"2081\">Revenez bient\u00f4t d\u00e9couvrir ce nouvel espace, car il est en train de prendre forme. Chaque jour nous rapproche un peu plus du moment o\u00f9 cette page s\u2019ouvrira \u00e0 vous, non pas comme un simple contenu en ligne, mais comme une contribution suppl\u00e9mentaire \u00e0 la vision collective que nous fa\u00e7onnons ensemble.<\/p>\t\t\t\t\t\t\t\t<\/div>\n\t\t\t\t<\/div>\n\t\t\t\t<\/div>\n\t\t","protected":false},"excerpt":{"rendered":"<p>\ud83d\udea7 Une page en devenir Cette section du site est actuellement en cours de d\u00e9veloppement. Si elle n\u2019est pas encore accessible, c\u2019est parce que nous voulons cr\u00e9er plus qu\u2019une simple [&hellip;]<\/p>\n","protected":false},"author":1,"featured_media":0,"parent":0,"menu_order":0,"comment_status":"closed","ping_status":"closed","template":"elementor_header_footer","meta":{"footnotes":""},"class_list":["post-446","page","type-page","status-publish","hentry"],"_links":{"self":[{"href":"https:\/\/aurores.ca\/index.php?rest_route=\/wp\/v2\/pages\/446","targetHints":{"allow":["GET"]}}],"collection":[{"href":"https:\/\/aurores.ca\/index.php?rest_route=\/wp\/v2\/pages"}],"about":[{"href":"https:\/\/aurores.ca\/index.php?rest_route=\/wp\/v2\/types\/page"}],"author":[{"embeddable":true,"href":"https:\/\/aurores.ca\/index.php?rest_route=\/wp\/v2\/users\/1"}],"replies":[{"embeddable":true,"href":"https:\/\/aurores.ca\/index.php?rest_route=%2Fwp%2Fv2%2Fcomments&post=446"}],"version-history":[{"count":4,"href":"https:\/\/aurores.ca\/index.php?rest_route=\/wp\/v2\/pages\/446\/revisions"}],"predecessor-version":[{"id":451,"href":"https:\/\/aurores.ca\/index.php?rest_route=\/wp\/v2\/pages\/446\/revisions\/451"}],"wp:attachment":[{"href":"https:\/\/aurores.ca\/index.php?rest_route=%2Fwp%2Fv2%2Fmedia&parent=446"}],"curies":[{"name":"wp","href":"https:\/\/api.w.org\/{rel}","templated":true}]}}