{"id":416,"date":"2025-09-28T21:39:56","date_gmt":"2025-09-28T21:39:56","guid":{"rendered":"https:\/\/aurores.ca\/?page_id=416"},"modified":"2025-09-30T21:07:30","modified_gmt":"2025-09-30T21:07:30","slug":"evenements","status":"publish","type":"page","link":"https:\/\/aurores.ca\/?page_id=416","title":{"rendered":"\u00c9v\u00e8nements"},"content":{"rendered":"\t\t<div data-elementor-type=\"wp-page\" data-elementor-id=\"416\" class=\"elementor elementor-416\" data-elementor-post-type=\"page\">\n\t\t\t\t<div class=\"elementor-element elementor-element-115bee9a e-flex e-con-boxed e-con e-parent\" data-id=\"115bee9a\" data-element_type=\"container\" data-settings=\"{&quot;background_background&quot;:&quot;classic&quot;}\">\n\t\t\t\t\t<div class=\"e-con-inner\">\n\t\t\t\t<div class=\"elementor-element elementor-element-24d39a7 elementor-widget elementor-widget-heading\" data-id=\"24d39a7\" data-element_type=\"widget\" data-widget_type=\"heading.default\">\n\t\t\t\t\t<h2 class=\"elementor-heading-title elementor-size-default\">Suivre les \u00e9v\u00e8nements <\/h2>\t\t\t\t<\/div>\n\t\t\t\t<div class=\"elementor-element elementor-element-650de92e elementor-widget__width-initial elementor-widget elementor-widget-heading\" data-id=\"650de92e\" data-element_type=\"widget\" data-widget_type=\"heading.default\">\n\t\t\t\t\t<h1 class=\"elementor-heading-title elementor-size-default\">\u00e9v\u00e8nements<\/h1>\t\t\t\t<\/div>\n\t\t\t\t<div class=\"elementor-element elementor-element-55d1e017 elementor-widget elementor-widget-text-editor\" data-id=\"55d1e017\" data-element_type=\"widget\" data-widget_type=\"text-editor.default\">\n\t\t\t\t\t\t\t\t\t<p>Vous aimeriez particip\u00e9 \u00e0 des \u00e9v\u00e8nements proche ou loin de chez vous. Consulter notre catalogue d&rsquo;\u00e9v\u00e8nement pour la communaut\u00e9s.<\/p>\t\t\t\t\t\t\t\t<\/div>\n\t\t\t\t\t<\/div>\n\t\t\t\t<\/div>\n\t\t<div class=\"elementor-element elementor-element-2411d34 e-con-full e-flex e-con e-parent\" data-id=\"2411d34\" data-element_type=\"container\">\n\t\t\t\t<div class=\"elementor-element elementor-element-4ecbc77 elementor-widget__width-initial elementor-widget elementor-widget-html\" data-id=\"4ecbc77\" data-element_type=\"widget\" data-widget_type=\"html.default\">\n\t\t\t\t\t<style scoped> iframe[data-tec-events-ece-iframe=\"true\"] { width: 100%; height: calc( 100vw + 100px ); max-width: 100%; } @media screen and (min-width: 600px) { iframe[data-tec-events-ece-iframe=\"true\"] { height: 100vw; } } @media screen and (min-width: 853px) { iframe[data-tec-events-ece-iframe=\"true\"] { height: 1065px; } } <\/style> <iframe data-tec-events-ece-iframe=\"true\" src=\"https:\/\/aurores.ca\/?tec_calendar_embed=adYze6BQpJ4&embed=true\" frameborder=\"0\" ><\/iframe>\t\t\t\t<\/div>\n\t\t\t\t<\/div>\n\t\t\t\t<\/div>\n\t\t","protected":false},"excerpt":{"rendered":"<p>Suivre les \u00e9v\u00e8nements \u00e9v\u00e8nements Vous aimeriez particip\u00e9 \u00e0 des \u00e9v\u00e8nements proche ou loin de chez vous. Consulter notre catalogue d&rsquo;\u00e9v\u00e8nement pour la communaut\u00e9s.<\/p>\n","protected":false},"author":1,"featured_media":0,"parent":0,"menu_order":0,"comment_status":"closed","ping_status":"closed","template":"elementor_header_footer","meta":{"footnotes":""},"class_list":["post-416","page","type-page","status-publish","hentry"],"_links":{"self":[{"href":"https:\/\/aurores.ca\/index.php?rest_route=\/wp\/v2\/pages\/416","targetHints":{"allow":["GET"]}}],"collection":[{"href":"https:\/\/aurores.ca\/index.php?rest_route=\/wp\/v2\/pages"}],"about":[{"href":"https:\/\/aurores.ca\/index.php?rest_route=\/wp\/v2\/types\/page"}],"author":[{"embeddable":true,"href":"https:\/\/aurores.ca\/index.php?rest_route=\/wp\/v2\/users\/1"}],"replies":[{"embeddable":true,"href":"https:\/\/aurores.ca\/index.php?rest_route=%2Fwp%2Fv2%2Fcomments&post=416"}],"version-history":[{"count":10,"href":"https:\/\/aurores.ca\/index.php?rest_route=\/wp\/v2\/pages\/416\/revisions"}],"predecessor-version":[{"id":509,"href":"https:\/\/aurores.ca\/index.php?rest_route=\/wp\/v2\/pages\/416\/revisions\/509"}],"wp:attachment":[{"href":"https:\/\/aurores.ca\/index.php?rest_route=%2Fwp%2Fv2%2Fmedia&parent=416"}],"curies":[{"name":"wp","href":"https:\/\/api.w.org\/{rel}","templated":true}]}}